{"id":14080,"date":"2025-09-27T09:23:05","date_gmt":"2025-09-27T06:23:05","guid":{"rendered":"https:\/\/boldsaglik.com\/?page_id=14080"},"modified":"2026-02-04T01:52:41","modified_gmt":"2026-02-03T22:52:41","slug":"randevu","status":"publish","type":"page","link":"https:\/\/boldsaglik.com\/ru\/randevu\/","title":{"rendered":"\u0417\u0410\u041f\u0418\u0421\u042c"},"content":{"rendered":"<div data-elementor-type=\"wp-page\" data-elementor-id=\"14080\" class=\"elementor elementor-14080\">\n\t\t\t\t<div class=\"elementor-element elementor-element-8127247 e-flex e-con-boxed e-con e-parent\" data-id=\"8127247\" data-element_type=\"container\" data-e-type=\"container\">\n\t\t\t\t\t<div class=\"e-con-inner\">\n\t\t\t\t<div class=\"elementor-element elementor-element-9e97167 elementor-widget elementor-widget-image\" data-id=\"9e97167\" data-element_type=\"widget\" data-e-type=\"widget\" data-widget_type=\"image.default\">\n\t\t\t\t<div class=\"elementor-widget-container\">\n\t\t\t\t\t\t\t\t\t\t\t\t\t\t\t<img decoding=\"async\" width=\"300\" height=\"140\" src=\"https:\/\/boldsaglik.com\/wp-content\/uploads\/2023\/06\/bold-logo-300x140.png\" class=\"attachment-medium size-medium wp-image-12473\" alt=\"\" srcset=\"https:\/\/boldsaglik.com\/wp-content\/uploads\/2023\/06\/bold-logo-300x140.png 300w, https:\/\/boldsaglik.com\/wp-content\/uploads\/2023\/06\/bold-logo-600x280.png 600w, https:\/\/boldsaglik.com\/wp-content\/uploads\/2023\/06\/bold-logo-1024x477.png 1024w, https:\/\/boldsaglik.com\/wp-content\/uploads\/2023\/06\/bold-logo-768x358.png 768w, https:\/\/boldsaglik.com\/wp-content\/uploads\/2023\/06\/bold-logo.png 1219w\" sizes=\"(max-width: 300px) 100vw, 300px\" \/>\t\t\t\t\t\t\t\t\t\t\t\t\t\t\t<\/div>\n\t\t\t\t<\/div>\n\t\t\t\t\t<\/div>\n\t\t\t\t<\/div>\n\t\t<div class=\"elementor-element elementor-element-8f5b579 e-flex e-con-boxed e-con e-parent\" data-id=\"8f5b579\" data-element_type=\"container\" data-e-type=\"container\">\n\t\t\t\t\t<div class=\"e-con-inner\">\n\t\t\t\t<div class=\"elementor-element elementor-element-e148ae4 elementor-widget elementor-widget-shortcode\" data-id=\"e148ae4\" data-element_type=\"widget\" data-e-type=\"widget\" data-widget_type=\"shortcode.default\">\n\t\t\t\t<div class=\"elementor-widget-container\">\n\t\t\t\t\t\t\t<div class=\"elementor-shortcode\"><div class=\"forminator-ui forminator-custom-form forminator-custom-form-12307 forminator-design--material  forminator_ajax\" data-forminator-render=\"0\" data-form=\"forminator-module-12307\" data-uid=\"69dec1c2862f6\"><br\/><\/div><form\n\t\t\t\tid=\"forminator-module-12307\"\n\t\t\t\tclass=\"forminator-ui forminator-custom-form forminator-custom-form-12307 forminator-design--material  forminator_ajax\"\n\t\t\t\tmethod=\"post\"\n\t\t\t\tdata-forminator-render=\"0\"\n\t\t\t\tdata-form-id=\"12307\"\n\t\t\t\t data-color-option=\"default\" data-design=\"material\" data-grid=\"open\" style=\"display: none;\"\n\t\t\t\tdata-uid=\"69dec1c2862f6\" action=\"\"\n\t\t\t><div role=\"alert\" aria-live=\"polite\" class=\"forminator-response-message forminator-error\" aria-hidden=\"true\"><\/div><div class=\"forminator-row\"><div id=\"name-1\" class=\"forminator-field-name forminator-col forminator-col-4\"><div class=\"forminator-field\"><label for=\"forminator-field-name-1_69dec1c2862f6\" id=\"forminator-field-name-1_69dec1c2862f6-label\" class=\"forminator-label\">\u0418\u043c\u044f \u0438 \u0444\u0430\u043c\u0438\u043b\u0438\u044f <span class=\"forminator-required\">*<\/span><\/label><input type=\"text\" name=\"name-1\" value=\"\" placeholder=\"\" id=\"forminator-field-name-1_69dec1c2862f6\" class=\"forminator-input forminator-name--field\" aria-required=\"true\" autocomplete=\"name\" \/><\/div><\/div><div id=\"name-2\" class=\"forminator-field-name forminator-col forminator-col-4\"><div class=\"forminator-field\"><label for=\"forminator-field-name-2_69dec1c2862f6\" id=\"forminator-field-name-2_69dec1c2862f6-label\" class=\"forminator-label\">\u0412\u0430\u0448 \u0432\u043e\u0437\u0440\u0430\u0441\u0442 <span class=\"forminator-required\">*<\/span><\/label><input type=\"text\" name=\"name-2\" value=\"\" placeholder=\"\" id=\"forminator-field-name-2_69dec1c2862f6\" class=\"forminator-input forminator-name--field\" aria-required=\"true\" autocomplete=\"name\" \/><\/div><\/div><div id=\"name-3\" class=\"forminator-field-name forminator-col forminator-col-4\"><div class=\"forminator-field\"><label for=\"forminator-field-name-3_69dec1c2862f6\" id=\"forminator-field-name-3_69dec1c2862f6-label\" class=\"forminator-label\">\u0412\u0430\u0448 \u0433\u043e\u0440\u043e\u0434 <span class=\"forminator-required\">*<\/span><\/label><input type=\"text\" name=\"name-3\" value=\"\" placeholder=\"\" id=\"forminator-field-name-3_69dec1c2862f6\" class=\"forminator-input forminator-name--field\" aria-required=\"true\" autocomplete=\"name\" \/><\/div><\/div><\/div><div class=\"forminator-row\"><div id=\"email-1\" class=\"forminator-field-email forminator-col forminator-col-4\"><div class=\"forminator-field\"><label for=\"forminator-field-email-1_69dec1c2862f6\" id=\"forminator-field-email-1_69dec1c2862f6-label\" class=\"forminator-label\">E-posta Adresi<\/label><input type=\"email\" name=\"email-1\" value=\"\" placeholder=\"\" id=\"forminator-field-email-1_69dec1c2862f6\" class=\"forminator-input forminator-email--field\" data-required=\"\" aria-required=\"false\" autocomplete=\"email\" \/><\/div><\/div><div id=\"phone-1\" class=\"forminator-field-phone forminator-col forminator-col-4\"><div class=\"forminator-field\"><label for=\"forminator-field-phone-1_69dec1c2862f6\" id=\"forminator-field-phone-1_69dec1c2862f6-label\" class=\"forminator-label\">Telefon <span class=\"forminator-required\">*<\/span><\/label><input type=\"text\" name=\"phone-1\" value=\"\" placeholder=\"\" id=\"forminator-field-phone-1_69dec1c2862f6\" class=\"forminator-input forminator-field--phone\" data-required=\"1\" aria-required=\"true\" autocomplete=\"off\" \/><\/div><\/div><div id=\"select-1\" class=\"forminator-field-select forminator-col forminator-col-4\"><div class=\"forminator-field\"><label for=\"forminator-form-12307__field--select-1_69dec1c2862f6\" id=\"forminator-form-12307__field--select-1_69dec1c2862f6-label\" class=\"forminator-label\">Talebiniz<\/label><select  id=\"forminator-form-12307__field--select-1_69dec1c2862f6\" class=\"forminator-select--field forminator-select2 forminator-select2-multiple\" data-required=\"\" name=\"select-1\" data-default-value=\"\" data-hidden-behavior=\"zero\" data-placeholder=\"\" data-search=\"false\" data-search-placeholder=\"\" data-checkbox=\"false\" data-allow-clear=\"false\" aria-labelledby=\"forminator-form-12307__field--select-1_69dec1c2862f6-label\"><option value=\"one\"  data-calculation=\"0\">\u015eok Dalga Tedavisi (Erkekler \u0130\u00e7in)<\/option><option value=\"two\"  data-calculation=\"0\">Lilycare (Kad\u0131nlar \u0130\u00e7in)<\/option><\/select><\/div><\/div><\/div><div class=\"forminator-row\"><div id=\"textarea-1\" class=\"forminator-field-textarea forminator-col forminator-col-12\"><div class=\"forminator-field\"><label for=\"forminator-field-textarea-1_69dec1c2862f6\" id=\"forminator-field-textarea-1_69dec1c2862f6-label\" class=\"forminator-label\">\u0412\u0430\u0448\u0435 \u0441\u043e\u043e\u0431\u0449\u0435\u043d\u0438\u0435<\/label><textarea name=\"textarea-1\" placeholder=\"Belirtmek istedi\u011finiz detaylar\u0131 yaz\u0131n\u0131z.\" id=\"forminator-field-textarea-1_69dec1c2862f6\" class=\"forminator-textarea\" rows=\"6\" style=\"min-height:140px;\" ><\/textarea><\/div><\/div><\/div><div class=\"forminator-row\"><div id=\"captcha-1\" class=\"forminator-field-captcha forminator-col forminator-col-12\"><div class=\"forminator-captcha-left forminator-g-recaptcha\" data-theme=\"light\"  data-sitekey=\"6LdNmj8pAAAAACMBxvq7YYKlK2lK0NdFhLI8SAjp\" data-size=\"normal\"><\/div> <\/div><\/div><input type=\"hidden\" name=\"referer_url\" value=\"\" \/><div class=\"forminator-row forminator-row-last\"><div class=\"forminator-col\"><div class=\"forminator-field\"><button class=\"forminator-button forminator-button-submit\"><span>G&ouml;nder<\/span><span aria-hidden=\"true\"><\/span><\/button><\/div><\/div><\/div><input type=\"hidden\" id=\"forminator_nonce\" name=\"forminator_nonce\" value=\"5dc8f1b945\" \/><input type=\"hidden\" name=\"_wp_http_referer\" value=\"\/ru\/wp-json\/wp\/v2\/pages\/14080\" \/><input type=\"hidden\" name=\"form_id\" value=\"12307\"><input type=\"hidden\" name=\"page_id\" value=\"14080\"><input type=\"hidden\" name=\"form_type\" value=\"default\"><input type=\"hidden\" name=\"current_url\" value=\"https:\/\/boldsaglik.com\/ru\/randevu\/\"><input type=\"hidden\" name=\"render_id\" value=\"0\"><input type=\"hidden\" name=\"action\" value=\"forminator_submit_form_custom-forms\"><label for=\"input_8\" class=\"forminator-hidden\" aria-hidden=\"true\">\u041f\u043e\u0436\u0430\u043b\u0443\u0439\u0441\u0442\u0430, \u043d\u0435 \u0437\u0430\u043f\u043e\u043b\u043d\u044f\u0439\u0442\u0435 \u044d\u0442\u043e \u043f\u043e\u043b\u0435. <input id=\"input_8\" type=\"text\" name=\"input_8\" value=\"\" autocomplete=\"off\"><\/label><input type=\"hidden\" name=\"trp-form-language\" value=\"ru\"\/><\/form><\/div>\n\t\t\t\t\t\t<\/div>\n\t\t\t\t<\/div>\n\t\t\t\t\t<\/div>\n\t\t\t\t<\/div>\n\t\t\t\t<\/div>","protected":false},"excerpt":{"rendered":"","protected":false},"author":1,"featured_media":0,"parent":0,"menu_order":0,"comment_status":"closed","ping_status":"closed","template":"","meta":{"inline_featured_image":false,"_monsterinsights_skip_tracking":false,"_monsterinsights_sitenote_active":false,"_monsterinsights_sitenote_note":"","_monsterinsights_sitenote_category":0,"footnotes":""},"class_list":["post-14080","page","type-page","status-publish","hentry"],"yoast_head":"<!-- This site is optimized with the Yoast SEO plugin v27.3 - https:\/\/yoast.com\/product\/yoast-seo-wordpress\/ -->\n<title>ED1000 Tedavisi \u0130\u00e7in Randevu Al\u0131n | Bold Sa\u011fl\u0131k<\/title>\n<meta name=\"description\" content=\"Sertle\u015fme sorunu (iktidars\u0131zl\u0131k) tedavisi i\u00e7in ED1000 randevunuzu hemen olu\u015fturun. Uzman ekibimizle ileti\u015fime ge\u00e7mek ve s\u00fcre\u00e7 hakk\u0131nda bilgi almak i\u00e7in formu doldurun.\" \/>\n<meta name=\"robots\" content=\"index, follow, max-snippet:-1, max-image-preview:large, max-video-preview:-1\" \/>\n<link rel=\"canonical\" href=\"https:\/\/boldsaglik.com\/ru\/randevu\/\" \/>\n<meta name=\"twitter:label1\" content=\"\u041f\u0440\u0438\u043c\u0435\u0440\u043d\u043e\u0435 \u0432\u0440\u0435\u043c\u044f \u0434\u043b\u044f \u0447\u0442\u0435\u043d\u0438\u044f\" \/>\n\t<meta name=\"twitter:data1\" content=\"1 \u043c\u0438\u043d\u0443\u0442\u0430\" \/>\n<!-- \/ Yoast SEO plugin. -->","yoast_head_json":{"title":"ED1000 Tedavisi \u0130\u00e7in Randevu Al\u0131n | Bold Sa\u011fl\u0131k","description":"Sertle\u015fme sorunu (iktidars\u0131zl\u0131k) tedavisi i\u00e7in ED1000 randevunuzu hemen olu\u015fturun. Uzman ekibimizle ileti\u015fime ge\u00e7mek ve s\u00fcre\u00e7 hakk\u0131nda bilgi almak i\u00e7in formu doldurun.","robots":{"index":"index","follow":"follow","max-snippet":"max-snippet:-1","max-image-preview":"max-image-preview:large","max-video-preview":"max-video-preview:-1"},"canonical":"https:\/\/boldsaglik.com\/ru\/randevu\/","twitter_misc":{"\u041f\u0440\u0438\u043c\u0435\u0440\u043d\u043e\u0435 \u0432\u0440\u0435\u043c\u044f \u0434\u043b\u044f \u0447\u0442\u0435\u043d\u0438\u044f":"1 \u043c\u0438\u043d\u0443\u0442\u0430"},"schema":{"@context":"https:\/\/schema.org","@graph":[{"@type":"WebPage","@id":"https:\/\/boldsaglik.com\/randevu\/","url":"https:\/\/boldsaglik.com\/randevu\/","name":"ED1000 Tedavisi \u0130\u00e7in Randevu Al\u0131n | Bold Sa\u011fl\u0131k","isPartOf":{"@id":"https:\/\/boldsaglik.com\/#website"},"primaryImageOfPage":{"@id":"https:\/\/boldsaglik.com\/randevu\/#primaryimage"},"image":{"@id":"https:\/\/boldsaglik.com\/randevu\/#primaryimage"},"thumbnailUrl":"https:\/\/boldsaglik.com\/wp-content\/uploads\/2023\/06\/bold-logo-300x140.png","datePublished":"2025-09-27T06:23:05+00:00","dateModified":"2026-02-03T22:52:41+00:00","description":"Sertle\u015fme sorunu (iktidars\u0131zl\u0131k) tedavisi i\u00e7in ED1000 randevunuzu hemen olu\u015fturun. Uzman ekibimizle ileti\u015fime ge\u00e7mek ve s\u00fcre\u00e7 hakk\u0131nda bilgi almak i\u00e7in formu doldurun.","breadcrumb":{"@id":"https:\/\/boldsaglik.com\/randevu\/#breadcrumb"},"inLanguage":"ru-RU","potentialAction":[{"@type":"ReadAction","target":["https:\/\/boldsaglik.com\/randevu\/"]}]},{"@type":"ImageObject","inLanguage":"ru-RU","@id":"https:\/\/boldsaglik.com\/randevu\/#primaryimage","url":"https:\/\/boldsaglik.com\/wp-content\/uploads\/2023\/06\/bold-logo-300x140.png","contentUrl":"https:\/\/boldsaglik.com\/wp-content\/uploads\/2023\/06\/bold-logo-300x140.png"},{"@type":"BreadcrumbList","@id":"https:\/\/boldsaglik.com\/randevu\/#breadcrumb","itemListElement":[{"@type":"ListItem","position":1,"name":"Anasayfa","item":"https:\/\/boldsaglik.com\/"},{"@type":"ListItem","position":2,"name":"Randevu"}]},{"@type":"WebSite","@id":"https:\/\/boldsaglik.com\/#website","url":"https:\/\/boldsaglik.com\/","name":"Bold Sa\u011fl\u0131k | ED1000 Tedavi Merkezi","description":"Sertle\u015fme Problemlerinin \u00c7\u00f6z\u00fcm Merkezi","publisher":{"@id":"https:\/\/boldsaglik.com\/#organization"},"alternateName":"Bold Sa\u011fl\u0131k","potentialAction":[{"@type":"SearchAction","target":{"@type":"EntryPoint","urlTemplate":"https:\/\/boldsaglik.com\/?s={search_term_string}"},"query-input":{"@type":"PropertyValueSpecification","valueRequired":true,"valueName":"search_term_string"}}],"inLanguage":"ru-RU"},{"@type":"Organization","@id":"https:\/\/boldsaglik.com\/#organization","name":"Bold Sa\u011fl\u0131k | ED1000 Tedavi Merkezi","alternateName":"Bold Sa\u011fl\u0131k","url":"https:\/\/boldsaglik.com\/","logo":{"@type":"ImageObject","inLanguage":"ru-RU","@id":"https:\/\/boldsaglik.com\/#\/schema\/logo\/image\/","url":"https:\/\/boldsaglik.com\/wp-content\/uploads\/2023\/12\/f74b5313-1303-468f-aca1-e4b623752aba.jpg","contentUrl":"https:\/\/boldsaglik.com\/wp-content\/uploads\/2023\/12\/f74b5313-1303-468f-aca1-e4b623752aba.jpg","width":354,"height":454,"caption":"Bold Sa\u011fl\u0131k | ED1000 Tedavi Merkezi"},"image":{"@id":"https:\/\/boldsaglik.com\/#\/schema\/logo\/image\/"},"sameAs":["https:\/\/www.facebook.com\/Bold.ED1000","https:\/\/x.com\/ed1000bold","https:\/\/www.instagram.com\/ed1000bold\/"]}]}},"_links":{"self":[{"href":"https:\/\/boldsaglik.com\/ru\/wp-json\/wp\/v2\/pages\/14080","targetHints":{"allow":["GET"]}}],"collection":[{"href":"https:\/\/boldsaglik.com\/ru\/wp-json\/wp\/v2\/pages"}],"about":[{"href":"https:\/\/boldsaglik.com\/ru\/wp-json\/wp\/v2\/types\/page"}],"author":[{"embeddable":true,"href":"https:\/\/boldsaglik.com\/ru\/wp-json\/wp\/v2\/users\/1"}],"replies":[{"embeddable":true,"href":"https:\/\/boldsaglik.com\/ru\/wp-json\/wp\/v2\/comments?post=14080"}],"version-history":[{"count":14,"href":"https:\/\/boldsaglik.com\/ru\/wp-json\/wp\/v2\/pages\/14080\/revisions"}],"predecessor-version":[{"id":14154,"href":"https:\/\/boldsaglik.com\/ru\/wp-json\/wp\/v2\/pages\/14080\/revisions\/14154"}],"wp:attachment":[{"href":"https:\/\/boldsaglik.com\/ru\/wp-json\/wp\/v2\/media?parent=14080"}],"curies":[{"name":"wp","href":"https:\/\/api.w.org\/{rel}","templated":true}]}}