{"id":534,"date":"2021-03-30T10:59:05","date_gmt":"2021-03-30T10:59:05","guid":{"rendered":"http:\/\/www.nicdarkthemes.com\/themes\/seafood\/wp\/demo\/seafood\/?page_id=534"},"modified":"2026-02-04T01:55:53","modified_gmt":"2026-02-03T22:55:53","slug":"treatment-centres","status":"publish","type":"page","link":"https:\/\/boldsaglik.com\/en\/tedavi-merkezleri\/","title":{"rendered":"Treatment Centres"},"content":{"rendered":"<div data-elementor-type=\"wp-page\" data-elementor-id=\"534\" class=\"elementor elementor-534\">\n\t\t\t\t\t\t<section class=\"elementor-section elementor-top-section elementor-element elementor-element-427781ed elementor-section-stretched elementor-section-content-middle elementor-section-boxed elementor-section-height-default elementor-section-height-default\" data-id=\"427781ed\" data-element_type=\"section\" data-e-type=\"section\" data-settings=\"{&quot;stretch_section&quot;:&quot;section-stretched&quot;,&quot;background_background&quot;:&quot;classic&quot;}\">\n\t\t\t\t\t\t\t<div class=\"elementor-background-overlay\"><\/div>\n\t\t\t\t\t\t\t<div class=\"elementor-container elementor-column-gap-default\">\n\t\t\t\t\t<div class=\"elementor-column elementor-col-100 elementor-top-column elementor-element elementor-element-3ba97320\" data-id=\"3ba97320\" data-element_type=\"column\" data-e-type=\"column\">\n\t\t\t<div class=\"elementor-widget-wrap elementor-element-populated\">\n\t\t\t\t\t\t<div class=\"elementor-element elementor-element-d7e0eb9 elementor-widget elementor-widget-heading\" data-id=\"d7e0eb9\" data-element_type=\"widget\" data-e-type=\"widget\" data-widget_type=\"heading.default\">\n\t\t\t\t<div class=\"elementor-widget-container\">\n\t\t\t\t\t<h1 class=\"elementor-heading-title elementor-size-default\">Our Centres<\/h1>\t\t\t\t<\/div>\n\t\t\t\t<\/div>\n\t\t\t\t<div class=\"elementor-element elementor-element-cffe834 elementor-widget elementor-widget-heading\" data-id=\"cffe834\" data-element_type=\"widget\" data-e-type=\"widget\" data-widget_type=\"heading.default\">\n\t\t\t\t<div class=\"elementor-widget-container\">\n\t\t\t\t\t<h4 class=\"elementor-heading-title elementor-size-default\">The number of ED1000 centres in Turkey has reached 75.<\/h4>\t\t\t\t<\/div>\n\t\t\t\t<\/div>\n\t\t\t\t\t<\/div>\n\t\t<\/div>\n\t\t\t\t\t<\/div>\n\t\t<\/section>\n\t\t\t\t<section class=\"elementor-section elementor-top-section elementor-element elementor-element-6cbcee5f elementor-section-boxed elementor-section-height-default elementor-section-height-default\" data-id=\"6cbcee5f\" data-element_type=\"section\" data-e-type=\"section\">\n\t\t\t\t\t\t<div class=\"elementor-container elementor-column-gap-default\">\n\t\t\t\t\t<div class=\"elementor-column elementor-col-100 elementor-top-column elementor-element elementor-element-5d0f1b4e\" data-id=\"5d0f1b4e\" data-element_type=\"column\" data-e-type=\"column\" data-settings=\"{&quot;background_background&quot;:&quot;classic&quot;}\">\n\t\t\t<div class=\"elementor-widget-wrap elementor-element-populated\">\n\t\t\t\t\t\t<div class=\"elementor-element elementor-element-97ee5bf elementor-widget elementor-widget-heading\" data-id=\"97ee5bf\" data-element_type=\"widget\" data-e-type=\"widget\" data-widget_type=\"heading.default\">\n\t\t\t\t<div class=\"elementor-widget-container\">\n\t\t\t\t\t<h4 class=\"elementor-heading-title elementor-size-default\">Bold Health ED1000 <\/h4>\t\t\t\t<\/div>\n\t\t\t\t<\/div>\n\t\t\t\t<div class=\"elementor-element elementor-element-611b197 elementor-widget elementor-widget-heading\" data-id=\"611b197\" data-element_type=\"widget\" data-e-type=\"widget\" data-widget_type=\"heading.default\">\n\t\t\t\t<div class=\"elementor-widget-container\">\n\t\t\t\t\t<h5 class=\"elementor-heading-title elementor-size-default\">75 Different Centres in Turkey<\/h5>\t\t\t\t<\/div>\n\t\t\t\t<\/div>\n\t\t\t\t<div class=\"elementor-element elementor-element-209d267 elementor-widget elementor-widget-image\" data-id=\"209d267\" data-element_type=\"widget\" data-e-type=\"widget\" data-widget_type=\"image.default\">\n\t\t\t\t<div class=\"elementor-widget-container\">\n\t\t\t\t\t\t\t\t\t\t\t\t\t\t\t<img fetchpriority=\"high\" decoding=\"async\" width=\"2000\" height=\"1134\" src=\"https:\/\/boldsaglik.com\/wp-content\/uploads\/2024\/09\/bold-saglik-harita.png\" class=\"attachment-2048x2048 size-2048x2048 wp-image-13533\" alt=\"Bold health treatment centres\" srcset=\"https:\/\/boldsaglik.com\/wp-content\/uploads\/2024\/09\/bold-saglik-harita.png 2000w, https:\/\/boldsaglik.com\/wp-content\/uploads\/2024\/09\/bold-saglik-harita-300x170.png 300w, https:\/\/boldsaglik.com\/wp-content\/uploads\/2024\/09\/bold-saglik-harita-1024x581.png 1024w, https:\/\/boldsaglik.com\/wp-content\/uploads\/2024\/09\/bold-saglik-harita-768x435.png 768w, https:\/\/boldsaglik.com\/wp-content\/uploads\/2024\/09\/bold-saglik-harita-1536x871.png 1536w, https:\/\/boldsaglik.com\/wp-content\/uploads\/2024\/09\/bold-saglik-harita-500x284.png 500w\" sizes=\"(max-width: 2000px) 100vw, 2000px\" \/>\t\t\t\t\t\t\t\t\t\t\t\t\t\t\t<\/div>\n\t\t\t\t<\/div>\n\t\t\t\t\t<\/div>\n\t\t<\/div>\n\t\t\t\t\t<\/div>\n\t\t<\/section>\n\t\t\t\t<section class=\"elementor-section elementor-top-section elementor-element elementor-element-d06c0fd elementor-section-boxed elementor-section-height-default elementor-section-height-default\" data-id=\"d06c0fd\" data-element_type=\"section\" data-e-type=\"section\">\n\t\t\t\t\t\t<div class=\"elementor-container elementor-column-gap-default\">\n\t\t\t\t\t<div class=\"elementor-column elementor-col-100 elementor-top-column elementor-element elementor-element-a7f99ab\" data-id=\"a7f99ab\" data-element_type=\"column\" data-e-type=\"column\">\n\t\t\t<div class=\"elementor-widget-wrap elementor-element-populated\">\n\t\t\t\t\t\t<section class=\"elementor-section elementor-inner-section elementor-element elementor-element-b94e2d9 elementor-section-boxed elementor-section-height-default elementor-section-height-default\" data-id=\"b94e2d9\" data-element_type=\"section\" data-e-type=\"section\">\n\t\t\t\t\t\t<div class=\"elementor-container elementor-column-gap-default\">\n\t\t\t\t\t<div class=\"elementor-column elementor-col-100 elementor-inner-column elementor-element elementor-element-5b79da8\" data-id=\"5b79da8\" data-element_type=\"column\" data-e-type=\"column\">\n\t\t\t<div class=\"elementor-widget-wrap elementor-element-populated\">\n\t\t\t\t\t\t<div class=\"elementor-element elementor-element-90e0361 elementor-widget elementor-widget-image\" data-id=\"90e0361\" data-element_type=\"widget\" data-e-type=\"widget\" data-widget_type=\"image.default\">\n\t\t\t\t<div class=\"elementor-widget-container\">\n\t\t\t\t\t\t\t\t\t\t\t\t\t\t\t<img decoding=\"async\" width=\"568\" height=\"201\" src=\"https:\/\/boldsaglik.com\/wp-content\/uploads\/2024\/11\/buyuk_0101155150aefac6.webp\" class=\"attachment-large size-large wp-image-13680\" alt=\"\" srcset=\"https:\/\/boldsaglik.com\/wp-content\/uploads\/2024\/11\/buyuk_0101155150aefac6.webp 568w, https:\/\/boldsaglik.com\/wp-content\/uploads\/2024\/11\/buyuk_0101155150aefac6-300x106.webp 300w, https:\/\/boldsaglik.com\/wp-content\/uploads\/2024\/11\/buyuk_0101155150aefac6-18x6.webp 18w, https:\/\/boldsaglik.com\/wp-content\/uploads\/2024\/11\/buyuk_0101155150aefac6-500x177.webp 500w\" sizes=\"(max-width: 568px) 100vw, 568px\" \/>\t\t\t\t\t\t\t\t\t\t\t\t\t\t\t<\/div>\n\t\t\t\t<\/div>\n\t\t\t\t\t<\/div>\n\t\t<\/div>\n\t\t\t\t\t<\/div>\n\t\t<\/section>\n\t\t\t\t\t<\/div>\n\t\t<\/div>\n\t\t\t\t\t<\/div>\n\t\t<\/section>\n\t\t<div class=\"elementor-element elementor-element-54145ac e-flex e-con-boxed e-con e-parent\" data-id=\"54145ac\" data-element_type=\"container\" data-e-type=\"container\">\n\t\t\t\t\t<div class=\"e-con-inner\">\n\t\t<div class=\"elementor-element elementor-element-768b967 e-con-full e-flex e-con e-child\" data-id=\"768b967\" data-element_type=\"container\" data-e-type=\"container\">\n\t\t\t\t<div class=\"elementor-element elementor-element-605beb4 elementor-widget elementor-widget-text-editor\" data-id=\"605beb4\" data-element_type=\"widget\" data-e-type=\"widget\" data-widget_type=\"text-editor.default\">\n\t\t\t\t<div class=\"elementor-widget-container\">\n\t\t\t\t\t\t\t\t\t<p>\n<div class=\"wpcf7 no-js\" id=\"wpcf7-f106-o1\" lang=\"en-US\" dir=\"ltr\" data-wpcf7-id=\"106\">\n<div class=\"screen-reader-response\"><p role=\"status\" aria-live=\"polite\" aria-atomic=\"true\"><\/p> <ul><\/ul><\/div>\n<form action=\"\/en\/wp-json\/wp\/v2\/pages\/534#wpcf7-f106-o1\" method=\"post\" class=\"wpcf7-form init\" aria-label=\"Contact form\" novalidate=\"novalidate\" data-status=\"init\" data-trp-original-action=\"\/en\/wp-json\/wp\/v2\/pages\/534#wpcf7-f106-o1\">\n<fieldset class=\"hidden-fields-container\"><input type=\"hidden\" name=\"_wpcf7\" value=\"106\" \/><input type=\"hidden\" name=\"_wpcf7_version\" value=\"6.1.5\" \/><input type=\"hidden\" name=\"_wpcf7_locale\" value=\"en_US\" \/><input type=\"hidden\" name=\"_wpcf7_unit_tag\" value=\"wpcf7-f106-o1\" \/><input type=\"hidden\" name=\"_wpcf7_container_post\" value=\"0\" \/><input type=\"hidden\" name=\"_wpcf7_posted_data_hash\" value=\"\" \/><input type=\"hidden\" name=\"_wpcf7_recaptcha_response\" value=\"\" \/>\n<\/fieldset>\n<div class=\"contact-form\">\n\t<div class=\"row\">\n <!-- \u00dcst Sat\u0131r: Ad Soyad, Ya\u015f\u0131n\u0131z, \u015eehriniz -->\n\t\t<div class=\"col-lg-4\">\n\t\t\t<div class=\"contact-field p-relative c-name\">\n\t\t\t\t<p><span class=\"wpcf7-form-control-wrap\" data-name=\"names\"><input size=\"40\" maxlength=\"400\" class=\"wpcf7-form-control wpcf7-text wpcf7-validates-as-required\" aria-required=\"true\" aria-invalid=\"false\" placeholder=\"Name Surname\" value=\"\" type=\"text\" name=\"names\" \/><\/span>\n\t\t\t\t<\/p>\n\t\t\t<\/div>\n\t\t<\/div>\n\t\t<div class=\"col-lg-4\">\n\t\t\t<div class=\"contact-field p-relative c-email\">\n\t\t\t\t<p><span class=\"wpcf7-form-control-wrap\" data-name=\"age\"><input size=\"40\" maxlength=\"400\" class=\"wpcf7-form-control wpcf7-text wpcf7-validates-as-required\" aria-required=\"true\" aria-invalid=\"false\" placeholder=\"Your age\" value=\"\" type=\"text\" name=\"age\" \/><\/span>\n\t\t\t\t<\/p>\n\t\t\t<\/div>\n\t\t<\/div>\n\t\t<div class=\"col-lg-4\">\n\t\t\t<div class=\"contact-field p-relative c-city\">\n\t\t\t\t<p><span class=\"wpcf7-form-control-wrap\" data-name=\"city\"><input size=\"40\" maxlength=\"400\" class=\"wpcf7-form-control wpcf7-text wpcf7-validates-as-required\" aria-required=\"true\" aria-invalid=\"false\" placeholder=\"Your city\" value=\"\" type=\"text\" name=\"city\" \/><\/span>\n\t\t\t\t<\/p>\n\t\t\t<\/div>\n\t\t<\/div>\n\t<\/div>\n\t<div class=\"row mt-3\">\n <!-- Alt Sat\u0131r: E-posta, Telefon, Skor Se\u00e7iniz -->\n\t\t<div class=\"col-lg-4\">\n\t\t\t<div class=\"contact-field p-relative c-email\">\n\t\t\t\t<p><span class=\"wpcf7-form-control-wrap\" data-name=\"email\"><input size=\"40\" maxlength=\"400\" class=\"wpcf7-form-control wpcf7-email wpcf7-validates-as-required wpcf7-text wpcf7-validates-as-email\" aria-required=\"true\" aria-invalid=\"false\" placeholder=\"Your Email Address\" value=\"\" type=\"email\" name=\"email\" \/><\/span>\n\t\t\t\t<\/p>\n\t\t\t<\/div>\n\t\t<\/div>\n\t\t<div class=\"col-lg-4\">\n\t\t\t<div class=\"contact-field p-relative c-phone\">\n\t\t\t\t<p><span class=\"wpcf7-form-control-wrap\" data-name=\"phone\"><input size=\"40\" maxlength=\"400\" class=\"wpcf7-form-control wpcf7-tel wpcf7-validates-as-required wpcf7-text wpcf7-validates-as-tel\" aria-required=\"true\" aria-invalid=\"false\" placeholder=\"Your Telephone Number\" value=\"\" type=\"tel\" name=\"phone\" \/><\/span>\n\t\t\t\t<\/p>\n\t\t\t<\/div>\n\t\t<\/div>\n\t\t<div class=\"col-lg-4\">\n\t\t\t<div class=\"contact-field p-relative c-subject mb-20\">\n\t\t\t\t<p><span class=\"wpcf7-form-control-wrap\" data-name=\"department\"><select class=\"wpcf7-form-control wpcf7-select wpcf7-validates-as-required custom-select\" id=\"inputGroupSelect04\" aria-required=\"true\" aria-invalid=\"false\" name=\"department\"><option value=\"Skor Se\u00e7iniz\">Select Score<\/option><option value=\"Skor1 - A\u011f\u0131r\">Score1 - Heavy<\/option><option value=\"Skor2 - Orta\">Score2 - Medium<\/option><option value=\"Skor3 - Hafif\">Score3 - Lightweight<\/option><option value=\"Skor4 - Normal\">Score4 - Normal<\/option><\/select><\/span>\n\t\t\t\t<\/p>\n\t\t\t<\/div>\n\t\t<\/div>\n\t<\/div>\n\t<div class=\"row mt-3\">\n <!-- Mesaj\u0131n\u0131z Alan\u0131 -->\n\t\t<div class=\"col-lg-12\">\n\t\t\t<div class=\"contact-field p-relative c-message text-center\">\n\t\t\t\t<p><span class=\"wpcf7-form-control-wrap\" data-name=\"message\"><textarea cols=\"40\" rows=\"10\" maxlength=\"2000\" class=\"wpcf7-form-control wpcf7-textarea wpcf7-validates-as-required\" id=\"message\" aria-required=\"true\" aria-invalid=\"false\" placeholder=\"Your message\" name=\"message\"><\/textarea><\/span>\n\t\t\t\t<\/p>\n\t\t\t<\/div>\n\t\t<\/div>\n\t<\/div>\n\t<div class=\"row mt-3\">\n <!-- G\u00f6nder Butonu -->\n\t\t<div class=\"col-lg-12 text-center\">\n\t\t\t<div class=\"slider-btn\">\n\t\t\t\t<p><input class=\"wpcf7-form-control wpcf7-submit has-spinner btn ss-btn\" type=\"submit\" value=\"Send\" \/>\n\t\t\t\t<\/p>\n\t\t\t<\/div>\n\t\t<\/div>\n\t<\/div>\n<\/div><p style=\"display: none !important;\" class=\"akismet-fields-container\" data-prefix=\"_wpcf7_ak_\"><label>\u0394<textarea name=\"_wpcf7_ak_hp_textarea\" cols=\"45\" rows=\"8\" maxlength=\"100\"><\/textarea><\/label><input type=\"hidden\" id=\"ak_js_1\" name=\"_wpcf7_ak_js\" value=\"164\"\/><script>document.getElementById( \"ak_js_1\" ).setAttribute( \"value\", ( new Date() ).getTime() );<\/script><\/p><div class=\"wpcf7-response-output\" aria-hidden=\"true\"><\/div>\n<input type=\"hidden\" name=\"trp-form-language\" value=\"en\"\/><\/form>\n<\/div>\n<\/p>\t\t\t\t\t\t\t\t<\/div>\n\t\t\t\t<\/div>\n\t\t\t\t<\/div>\n\t\t\t\t\t<\/div>\n\t\t\t\t<\/div>\n\t\t\t\t<\/div>","protected":false},"excerpt":{"rendered":"<p>Merkezlerimiz T\u00fcrkiye&#8217;de hizmet verdi\u011fimiz ED1000 merkezlerinin say\u0131s\u0131 75&#8217;e ula\u015fm\u0131\u015ft\u0131r. Bold Sa\u011fl\u0131k ED1000 T\u00fcrkiye&#8217;de 75 Farkl\u0131 Merkezde<\/p>","protected":false},"author":1,"featured_media":0,"parent":0,"menu_order":0,"comment_status":"closed","ping_status":"closed","template":"elementor_header_footer","meta":{"inline_featured_image":false,"_monsterinsights_skip_tracking":false,"_monsterinsights_sitenote_active":false,"_monsterinsights_sitenote_note":"","_monsterinsights_sitenote_category":0,"footnotes":""},"class_list":["post-534","page","type-page","status-publish","hentry"],"yoast_head":"<!-- This site is optimized with the Yoast SEO plugin v27.3 - https:\/\/yoast.com\/product\/yoast-seo-wordpress\/ -->\n<title>ED1000 Tedavi Merkezleri (75+ Merkez) | Bold Sa\u011fl\u0131k<\/title>\n<meta name=\"description\" content=\"Bold Sa\u011fl\u0131k ED1000 tedavi merkezlerini g\u00f6r\u00fcnt\u00fcleyin. T\u00fcrkiye genelinde 75+ merkezde hizmet noktalar\u0131, ileti\u015fim bilgileri ve randevu i\u00e7in y\u00f6nlendirmeler.\" \/>\n<meta name=\"robots\" content=\"index, follow, max-snippet:-1, max-image-preview:large, max-video-preview:-1\" \/>\n<link rel=\"canonical\" href=\"https:\/\/boldsaglik.com\/en\/treatment-centres\/\" \/>\n<meta name=\"twitter:label1\" content=\"Estimated reading time\" \/>\n\t<meta name=\"twitter:data1\" content=\"1 minute\" \/>\n<!-- \/ Yoast SEO plugin. -->","yoast_head_json":{"title":"ED1000 Tedavi Merkezleri (75+ Merkez) | Bold Sa\u011fl\u0131k","description":"Bold Sa\u011fl\u0131k ED1000 tedavi merkezlerini g\u00f6r\u00fcnt\u00fcleyin. T\u00fcrkiye genelinde 75+ merkezde hizmet noktalar\u0131, ileti\u015fim bilgileri ve randevu i\u00e7in y\u00f6nlendirmeler.","robots":{"index":"index","follow":"follow","max-snippet":"max-snippet:-1","max-image-preview":"max-image-preview:large","max-video-preview":"max-video-preview:-1"},"canonical":"https:\/\/boldsaglik.com\/en\/treatment-centres\/","twitter_misc":{"Estimated reading time":"1 minute"},"schema":{"@context":"https:\/\/schema.org","@graph":[{"@type":"WebPage","@id":"https:\/\/boldsaglik.com\/tedavi-merkezleri\/","url":"https:\/\/boldsaglik.com\/tedavi-merkezleri\/","name":"ED1000 Tedavi Merkezleri (75+ Merkez) | Bold Sa\u011fl\u0131k","isPartOf":{"@id":"https:\/\/boldsaglik.com\/#website"},"primaryImageOfPage":{"@id":"https:\/\/boldsaglik.com\/tedavi-merkezleri\/#primaryimage"},"image":{"@id":"https:\/\/boldsaglik.com\/tedavi-merkezleri\/#primaryimage"},"thumbnailUrl":"https:\/\/boldsaglik.com\/wp-content\/uploads\/2024\/09\/bold-saglik-harita.png","datePublished":"2021-03-30T10:59:05+00:00","dateModified":"2026-02-03T22:55:53+00:00","description":"Bold Sa\u011fl\u0131k ED1000 tedavi merkezlerini g\u00f6r\u00fcnt\u00fcleyin. T\u00fcrkiye genelinde 75+ merkezde hizmet noktalar\u0131, ileti\u015fim bilgileri ve randevu i\u00e7in y\u00f6nlendirmeler.","breadcrumb":{"@id":"https:\/\/boldsaglik.com\/tedavi-merkezleri\/#breadcrumb"},"inLanguage":"en-GB","potentialAction":[{"@type":"ReadAction","target":["https:\/\/boldsaglik.com\/tedavi-merkezleri\/"]}]},{"@type":"ImageObject","inLanguage":"en-GB","@id":"https:\/\/boldsaglik.com\/tedavi-merkezleri\/#primaryimage","url":"https:\/\/boldsaglik.com\/wp-content\/uploads\/2024\/09\/bold-saglik-harita.png","contentUrl":"https:\/\/boldsaglik.com\/wp-content\/uploads\/2024\/09\/bold-saglik-harita.png"},{"@type":"BreadcrumbList","@id":"https:\/\/boldsaglik.com\/tedavi-merkezleri\/#breadcrumb","itemListElement":[{"@type":"ListItem","position":1,"name":"Anasayfa","item":"https:\/\/boldsaglik.com\/"},{"@type":"ListItem","position":2,"name":"Tedavi Merkezleri"}]},{"@type":"WebSite","@id":"https:\/\/boldsaglik.com\/#website","url":"https:\/\/boldsaglik.com\/","name":"Bold Health | ED1000 Treatment Centre","description":"Solution Centre for Erectile Dysfunction","publisher":{"@id":"https:\/\/boldsaglik.com\/#organization"},"alternateName":"Bold Sa\u011fl\u0131k","potentialAction":[{"@type":"SearchAction","target":{"@type":"EntryPoint","urlTemplate":"https:\/\/boldsaglik.com\/?s={search_term_string}"},"query-input":{"@type":"PropertyValueSpecification","valueRequired":true,"valueName":"search_term_string"}}],"inLanguage":"en-GB"},{"@type":"Organization","@id":"https:\/\/boldsaglik.com\/#organization","name":"Bold Health | ED1000 Treatment Centre","alternateName":"Bold Sa\u011fl\u0131k","url":"https:\/\/boldsaglik.com\/","logo":{"@type":"ImageObject","inLanguage":"en-GB","@id":"https:\/\/boldsaglik.com\/#\/schema\/logo\/image\/","url":"https:\/\/boldsaglik.com\/wp-content\/uploads\/2023\/12\/f74b5313-1303-468f-aca1-e4b623752aba.jpg","contentUrl":"https:\/\/boldsaglik.com\/wp-content\/uploads\/2023\/12\/f74b5313-1303-468f-aca1-e4b623752aba.jpg","width":354,"height":454,"caption":"Bold Sa\u011fl\u0131k | ED1000 Tedavi Merkezi"},"image":{"@id":"https:\/\/boldsaglik.com\/#\/schema\/logo\/image\/"},"sameAs":["https:\/\/www.facebook.com\/Bold.ED1000","https:\/\/x.com\/ed1000bold","https:\/\/www.instagram.com\/ed1000bold\/"]}]}},"_links":{"self":[{"href":"https:\/\/boldsaglik.com\/en\/wp-json\/wp\/v2\/pages\/534","targetHints":{"allow":["GET"]}}],"collection":[{"href":"https:\/\/boldsaglik.com\/en\/wp-json\/wp\/v2\/pages"}],"about":[{"href":"https:\/\/boldsaglik.com\/en\/wp-json\/wp\/v2\/types\/page"}],"author":[{"embeddable":true,"href":"https:\/\/boldsaglik.com\/en\/wp-json\/wp\/v2\/users\/1"}],"replies":[{"embeddable":true,"href":"https:\/\/boldsaglik.com\/en\/wp-json\/wp\/v2\/comments?post=534"}],"version-history":[{"count":42,"href":"https:\/\/boldsaglik.com\/en\/wp-json\/wp\/v2\/pages\/534\/revisions"}],"predecessor-version":[{"id":14152,"href":"https:\/\/boldsaglik.com\/en\/wp-json\/wp\/v2\/pages\/534\/revisions\/14152"}],"wp:attachment":[{"href":"https:\/\/boldsaglik.com\/en\/wp-json\/wp\/v2\/media?parent=534"}],"curies":[{"name":"wp","href":"https:\/\/api.w.org\/{rel}","templated":true}]}}