{"id":71,"date":"2020-08-04T02:22:43","date_gmt":"2020-08-04T02:22:43","guid":{"rendered":"https:\/\/shtheme.org\/demosd\/mecare\/?page_id=71"},"modified":"2026-02-23T12:45:28","modified_gmt":"2026-02-23T09:45:28","slug":"iletisim","status":"publish","type":"page","link":"https:\/\/boldsaglik.com\/de\/iletisim\/","title":{"rendered":"Kontakt"},"content":{"rendered":"<div data-elementor-type=\"wp-post\" data-elementor-id=\"71\" class=\"elementor elementor-71\">\n\t\t\t\t\t\t<section class=\"elementor-section elementor-top-section elementor-element elementor-element-8f4d264 elementor-section-full_width elementor-section-height-default elementor-section-height-default\" data-id=\"8f4d264\" data-element_type=\"section\" data-e-type=\"section\">\n\t\t\t\t\t\t<div class=\"elementor-container elementor-column-gap-no\">\n\t\t\t\t\t<div class=\"elementor-column elementor-col-100 elementor-top-column elementor-element elementor-element-6f2aa62\" data-id=\"6f2aa62\" data-element_type=\"column\" data-e-type=\"column\">\n\t\t\t<div class=\"elementor-widget-wrap elementor-element-populated\">\n\t\t\t\t\t\t<div class=\"elementor-element elementor-element-26539b8 elementor-align-left elementor-widget elementor-widget-bdevs-banner\" data-id=\"26539b8\" data-element_type=\"widget\" data-e-type=\"widget\" data-widget_type=\"bdevs-banner.default\">\n\t\t\t\t<div class=\"elementor-widget-container\">\n\t\t\t\t\t\t\t<!-- breadcrumb-area -->\n        <section class=\"breadcrumb-area d-flex align-items-center\" style=\"background-image:url(https:\/\/boldsaglik.com\/wp-content\/uploads\/2020\/11\/slider_img01.png)\">\n            <div class=\"container\">\n                <div class=\"row\">\n                    <div class=\"col-xl-6 offset-xl-3 col-lg-8 offset-lg-2\">\n                        <div class=\"breadcrumb-wrap text-center\">\n                            <div class=\"breadcrumb-title mb-30\">\n                                <h2>Kontakt<\/h2>                                    \n                            <\/div>\n                                                        <nav aria-label=\"Brotkr\u00fcmel\">\n                                <ol class=\"breadcrumb\">\n                                    <li class=\"breadcrumb-item\"><a href=\"https:\/\/boldsaglik.com\/de\/\">Homepage<\/a><\/li>\n                                    <li class=\"breadcrumb-item active\" aria-current=\"page\">Kontakt<\/li>\n                                <\/ol>\n                            <\/nav>\n                        \t                        <\/div>\n                    <\/div>\n                <\/div>\n            <\/div>\n        <\/section>\n        <!-- breadcrumb-area-end -->\n\t\t\t\t\t<\/div>\n\t\t\t\t<\/div>\n\t\t\t\t\t<\/div>\n\t\t<\/div>\n\t\t\t\t\t<\/div>\n\t\t<\/section>\n\t\t\t\t<section class=\"elementor-section elementor-top-section elementor-element elementor-element-196fef1 elementor-section-full_width elementor-section-height-default elementor-section-height-default\" data-id=\"196fef1\" data-element_type=\"section\" data-e-type=\"section\">\n\t\t\t\t\t\t<div class=\"elementor-container elementor-column-gap-no\">\n\t\t\t\t\t<div class=\"elementor-column elementor-col-100 elementor-top-column elementor-element elementor-element-51bf40b\" data-id=\"51bf40b\" data-element_type=\"column\" data-e-type=\"column\">\n\t\t\t<div class=\"elementor-widget-wrap elementor-element-populated\">\n\t\t\t\t\t\t<div class=\"elementor-element elementor-element-610215f elementor-align-left elementor-widget elementor-widget-bdevs-contact\" data-id=\"610215f\" data-element_type=\"widget\" data-e-type=\"widget\" data-widget_type=\"bdevs-contact.default\">\n\t\t\t\t<div class=\"elementor-widget-container\">\n\t\t\t\t\t\t\t<!-- contact-area -->\n        <section id=\"contact\" class=\"contact-area contact-bg pb-70 p-relative fix\" style=\"background-image:url(https:\/\/shtheme.org\/demosd\/mecare\/wp-content\/uploads\/2020\/11\/an-bg11.png); background-size: cover;background-repeat: no-repeat;\">\n            <div class=\"container\">\n         \n\t\t\t\t<div class=\"row\">\n                    <div class=\"col-lg-6\">\n                        <div class=\"contact-img\">\n                            <img decoding=\"async\" src=\"https:\/\/boldsaglik.com\/wp-content\/uploads\/2020\/11\/touch-illustration.png\" alt=\"Touch-Illustration\">\n                        <\/div>\n                    <\/div>\n\t\t\t\t\t<div class=\"col-lg-6\">\n\t                    <div class=\"section-title mb-60\" >\n\t                                                    <span>Kontakt<\/span>\n                        \t                                                        <h2>Kontaktieren Sie uns<\/h2>     \n                              \n\t                    <\/div>\n\t\t\t\t\t\t\n<div class=\"wpcf7 no-js\" id=\"wpcf7-f106-o1\" lang=\"en-US\" dir=\"ltr\" data-wpcf7-id=\"106\">\n<div class=\"screen-reader-response\"><p role=\"status\" aria-live=\"polite\" aria-atomic=\"true\"><\/p> <ul><\/ul><\/div>\n<form action=\"\/de\/wp-json\/wp\/v2\/pages\/71#wpcf7-f106-o1\" method=\"post\" class=\"wpcf7-form init\" aria-label=\"Contact form\" novalidate=\"novalidate\" data-status=\"init\" data-trp-original-action=\"\/de\/wp-json\/wp\/v2\/pages\/71#wpcf7-f106-o1\">\n<fieldset class=\"hidden-fields-container\"><input type=\"hidden\" name=\"_wpcf7\" value=\"106\" \/><input type=\"hidden\" name=\"_wpcf7_version\" value=\"6.1.5\" \/><input type=\"hidden\" name=\"_wpcf7_locale\" value=\"en_US\" \/><input type=\"hidden\" name=\"_wpcf7_unit_tag\" value=\"wpcf7-f106-o1\" \/><input type=\"hidden\" name=\"_wpcf7_container_post\" value=\"0\" \/><input type=\"hidden\" name=\"_wpcf7_posted_data_hash\" value=\"\" \/><input type=\"hidden\" name=\"_wpcf7_recaptcha_response\" value=\"\" \/>\n<\/fieldset>\n<div class=\"contact-form\">\n\t<div class=\"row\">\n <!-- \u00dcst Sat\u0131r: Ad Soyad, Ya\u015f\u0131n\u0131z, \u015eehriniz -->\n\t\t<div class=\"col-lg-4\">\n\t\t\t<div class=\"contact-field p-relative c-name\">\n\t\t\t\t<p><span class=\"wpcf7-form-control-wrap\" data-name=\"names\"><input size=\"40\" maxlength=\"400\" class=\"wpcf7-form-control wpcf7-text wpcf7-validates-as-required\" aria-required=\"true\" aria-invalid=\"false\" placeholder=\"Name Nachname\" value=\"\" type=\"text\" name=\"names\" \/><\/span>\n\t\t\t\t<\/p>\n\t\t\t<\/div>\n\t\t<\/div>\n\t\t<div class=\"col-lg-4\">\n\t\t\t<div class=\"contact-field p-relative c-email\">\n\t\t\t\t<p><span class=\"wpcf7-form-control-wrap\" data-name=\"age\"><input size=\"40\" maxlength=\"400\" class=\"wpcf7-form-control wpcf7-text wpcf7-validates-as-required\" aria-required=\"true\" aria-invalid=\"false\" placeholder=\"Ihr Alter\" value=\"\" type=\"text\" name=\"age\" \/><\/span>\n\t\t\t\t<\/p>\n\t\t\t<\/div>\n\t\t<\/div>\n\t\t<div class=\"col-lg-4\">\n\t\t\t<div class=\"contact-field p-relative c-city\">\n\t\t\t\t<p><span class=\"wpcf7-form-control-wrap\" data-name=\"city\"><input size=\"40\" maxlength=\"400\" class=\"wpcf7-form-control wpcf7-text wpcf7-validates-as-required\" aria-required=\"true\" aria-invalid=\"false\" placeholder=\"Deine Stadt\" value=\"\" type=\"text\" name=\"city\" \/><\/span>\n\t\t\t\t<\/p>\n\t\t\t<\/div>\n\t\t<\/div>\n\t<\/div>\n\t<div class=\"row mt-3\">\n <!-- Alt Sat\u0131r: E-posta, Telefon, Skor Se\u00e7iniz -->\n\t\t<div class=\"col-lg-4\">\n\t\t\t<div class=\"contact-field p-relative c-email\">\n\t\t\t\t<p><span class=\"wpcf7-form-control-wrap\" data-name=\"email\"><input size=\"40\" maxlength=\"400\" class=\"wpcf7-form-control wpcf7-email wpcf7-validates-as-required wpcf7-text wpcf7-validates-as-email\" aria-required=\"true\" aria-invalid=\"false\" placeholder=\"Ihre E-Mail Adresse\" value=\"\" type=\"email\" name=\"email\" \/><\/span>\n\t\t\t\t<\/p>\n\t\t\t<\/div>\n\t\t<\/div>\n\t\t<div class=\"col-lg-4\">\n\t\t\t<div class=\"contact-field p-relative c-phone\">\n\t\t\t\t<p><span class=\"wpcf7-form-control-wrap\" data-name=\"phone\"><input size=\"40\" maxlength=\"400\" class=\"wpcf7-form-control wpcf7-tel wpcf7-validates-as-required wpcf7-text wpcf7-validates-as-tel\" aria-required=\"true\" aria-invalid=\"false\" placeholder=\"Ihre Telefonnummer\" value=\"\" type=\"tel\" name=\"phone\" \/><\/span>\n\t\t\t\t<\/p>\n\t\t\t<\/div>\n\t\t<\/div>\n\t\t<div class=\"col-lg-4\">\n\t\t\t<div class=\"contact-field p-relative c-subject mb-20\">\n\t\t\t\t<p><span class=\"wpcf7-form-control-wrap\" data-name=\"department\"><select class=\"wpcf7-form-control wpcf7-select wpcf7-validates-as-required custom-select\" id=\"inputGroupSelect04\" aria-required=\"true\" aria-invalid=\"false\" name=\"department\"><option value=\"Skor Se\u00e7iniz\">Punktzahl ausw\u00e4hlen<\/option><option value=\"Skor1 - A\u011f\u0131r\">Score1 - Schwer<\/option><option value=\"Skor2 - Orta\">Score2 - Zentrum<\/option><option value=\"Skor3 - Hafif\">Score3 - Leichtgewicht<\/option><option value=\"Skor4 - Normal\">Score4 - Normal<\/option><\/select><\/span>\n\t\t\t\t<\/p>\n\t\t\t<\/div>\n\t\t<\/div>\n\t<\/div>\n\t<div class=\"row mt-3\">\n <!-- Mesaj\u0131n\u0131z Alan\u0131 -->\n\t\t<div class=\"col-lg-12\">\n\t\t\t<div class=\"contact-field p-relative c-message text-center\">\n\t\t\t\t<p><span class=\"wpcf7-form-control-wrap\" data-name=\"message\"><textarea cols=\"40\" rows=\"10\" maxlength=\"2000\" class=\"wpcf7-form-control wpcf7-textarea wpcf7-validates-as-required\" id=\"message\" aria-required=\"true\" aria-invalid=\"false\" placeholder=\"Ihre Nachricht\" name=\"message\"><\/textarea><\/span>\n\t\t\t\t<\/p>\n\t\t\t<\/div>\n\t\t<\/div>\n\t<\/div>\n\t<div class=\"row mt-3\">\n <!-- G\u00f6nder Butonu -->\n\t\t<div class=\"col-lg-12 text-center\">\n\t\t\t<div class=\"slider-btn\">\n\t\t\t\t<p><input class=\"wpcf7-form-control wpcf7-submit has-spinner btn ss-btn\" type=\"submit\" value=\"Senden Sie\" \/>\n\t\t\t\t<\/p>\n\t\t\t<\/div>\n\t\t<\/div>\n\t<\/div>\n<\/div><p style=\"display: none !important;\" class=\"akismet-fields-container\" data-prefix=\"_wpcf7_ak_\"><label>&#916;<textarea name=\"_wpcf7_ak_hp_textarea\" cols=\"45\" rows=\"8\" maxlength=\"100\"><\/textarea><\/label><input type=\"hidden\" id=\"ak_js_1\" name=\"_wpcf7_ak_js\" value=\"124\"\/><script>document.getElementById( \"ak_js_1\" ).setAttribute( \"value\", ( new Date() ).getTime() );<\/script><\/p><div class=\"wpcf7-response-output\" aria-hidden=\"true\"><\/div>\n<input type=\"hidden\" name=\"trp-form-language\" value=\"de\"\/><\/form>\n<\/div>\n\t\t\t\t\t<\/div>\n\t\t\t\t<\/div>\n                \n            <\/div>\n           \n        <\/section>\n        <!-- contact-area-end -->\n\t\t\t\t\t<\/div>\n\t\t\t\t<\/div>\n\t\t\t\t\t<\/div>\n\t\t<\/div>\n\t\t\t\t\t<\/div>\n\t\t<\/section>\n\t\t\t\t<\/div>","protected":false},"excerpt":{"rendered":"<p>\u0130leti\u015fim Anasayfa \u0130leti\u015fim \u0130leti\u015fim Bizimle \u0130leti\u015fime Ge\u00e7in Skor Se\u00e7inizSkor1 &#8211; A\u011f\u0131rSkor2 &#8211; OrtaSkor3 &#8211; HafifSkor4 &#8211; Normal &#916;<\/p>","protected":false},"author":1,"featured_media":0,"parent":0,"menu_order":0,"comment_status":"closed","ping_status":"closed","template":"elementor_header_footer","meta":{"inline_featured_image":false,"_monsterinsights_skip_tracking":false,"_monsterinsights_sitenote_active":false,"_monsterinsights_sitenote_note":"","_monsterinsights_sitenote_category":0,"footnotes":""},"class_list":["post-71","page","type-page","status-publish","hentry"],"yoast_head":"<!-- This site is optimized with the Yoast SEO plugin v27.3 - https:\/\/yoast.com\/product\/yoast-seo-wordpress\/ -->\n<title>Bold Sa\u011fl\u0131k \u0130leti\u015fim | 444 5 647 | ED1000 Tedavi Merkezi<\/title>\n<meta name=\"description\" content=\"Bold Sa\u011fl\u0131k ile ileti\u015fime ge\u00e7in: 444 5 647 \u2022 info@boldsaglik.com \u2022 Ho\u015fdere Cd. No:180 D:5, \u00c7ankaya\/Ankara. Randevu ve bilgi i\u00e7in bize ula\u015f\u0131n.\" \/>\n<meta name=\"robots\" content=\"index, follow, max-snippet:-1, max-image-preview:large, max-video-preview:-1\" \/>\n<link rel=\"canonical\" href=\"https:\/\/boldsaglik.com\/de\/iletisim\/\" \/>\n<meta name=\"twitter:label1\" content=\"Gesch\u00e4tzte Lesezeit\" \/>\n\t<meta name=\"twitter:data1\" content=\"1\u00a0Minute\" \/>\n<!-- \/ Yoast SEO plugin. -->","yoast_head_json":{"title":"Bold Sa\u011fl\u0131k \u0130leti\u015fim | 444 5 647 | ED1000 Tedavi Merkezi","description":"Bold Sa\u011fl\u0131k ile ileti\u015fime ge\u00e7in: 444 5 647 \u2022 info@boldsaglik.com \u2022 Ho\u015fdere Cd. No:180 D:5, \u00c7ankaya\/Ankara. Randevu ve bilgi i\u00e7in bize ula\u015f\u0131n.","robots":{"index":"index","follow":"follow","max-snippet":"max-snippet:-1","max-image-preview":"max-image-preview:large","max-video-preview":"max-video-preview:-1"},"canonical":"https:\/\/boldsaglik.com\/de\/iletisim\/","twitter_misc":{"Gesch\u00e4tzte Lesezeit":"1\u00a0Minute"},"schema":{"@context":"https:\/\/schema.org","@graph":[{"@type":"WebPage","@id":"https:\/\/boldsaglik.com\/iletisim\/","url":"https:\/\/boldsaglik.com\/iletisim\/","name":"Bold Sa\u011fl\u0131k \u0130leti\u015fim | 444 5 647 | ED1000 Tedavi Merkezi","isPartOf":{"@id":"https:\/\/boldsaglik.com\/#website"},"primaryImageOfPage":{"@id":"https:\/\/boldsaglik.com\/iletisim\/#primaryimage"},"image":{"@id":"https:\/\/boldsaglik.com\/iletisim\/#primaryimage"},"thumbnailUrl":"https:\/\/boldsaglik.com\/wp-content\/uploads\/2020\/11\/touch-illustration.png","datePublished":"2020-08-04T02:22:43+00:00","dateModified":"2026-02-23T09:45:28+00:00","description":"Bold Sa\u011fl\u0131k ile ileti\u015fime ge\u00e7in: 444 5 647 \u2022 info@boldsaglik.com \u2022 Ho\u015fdere Cd. No:180 D:5, \u00c7ankaya\/Ankara. Randevu ve bilgi i\u00e7in bize ula\u015f\u0131n.","breadcrumb":{"@id":"https:\/\/boldsaglik.com\/iletisim\/#breadcrumb"},"inLanguage":"de","potentialAction":[{"@type":"ReadAction","target":["https:\/\/boldsaglik.com\/iletisim\/"]}]},{"@type":"ImageObject","inLanguage":"de","@id":"https:\/\/boldsaglik.com\/iletisim\/#primaryimage","url":"https:\/\/boldsaglik.com\/wp-content\/uploads\/2020\/11\/touch-illustration.png","contentUrl":"https:\/\/boldsaglik.com\/wp-content\/uploads\/2020\/11\/touch-illustration.png"},{"@type":"BreadcrumbList","@id":"https:\/\/boldsaglik.com\/iletisim\/#breadcrumb","itemListElement":[{"@type":"ListItem","position":1,"name":"Anasayfa","item":"https:\/\/boldsaglik.com\/"},{"@type":"ListItem","position":2,"name":"\u0130leti\u015fim"}]},{"@type":"WebSite","@id":"https:\/\/boldsaglik.com\/#website","url":"https:\/\/boldsaglik.com\/","name":"Bold Sa\u011fl\u0131k | ED1000 Tedavi Merkezi","description":"Sertle\u015fme Problemlerinin \u00c7\u00f6z\u00fcm Merkezi","publisher":{"@id":"https:\/\/boldsaglik.com\/#organization"},"alternateName":"Bold Sa\u011fl\u0131k","potentialAction":[{"@type":"SearchAction","target":{"@type":"EntryPoint","urlTemplate":"https:\/\/boldsaglik.com\/?s={search_term_string}"},"query-input":{"@type":"PropertyValueSpecification","valueRequired":true,"valueName":"search_term_string"}}],"inLanguage":"de"},{"@type":"Organization","@id":"https:\/\/boldsaglik.com\/#organization","name":"Bold Sa\u011fl\u0131k | ED1000 Tedavi Merkezi","alternateName":"Bold Sa\u011fl\u0131k","url":"https:\/\/boldsaglik.com\/","logo":{"@type":"ImageObject","inLanguage":"de","@id":"https:\/\/boldsaglik.com\/#\/schema\/logo\/image\/","url":"https:\/\/boldsaglik.com\/wp-content\/uploads\/2023\/12\/f74b5313-1303-468f-aca1-e4b623752aba.jpg","contentUrl":"https:\/\/boldsaglik.com\/wp-content\/uploads\/2023\/12\/f74b5313-1303-468f-aca1-e4b623752aba.jpg","width":354,"height":454,"caption":"Bold Sa\u011fl\u0131k | ED1000 Tedavi Merkezi"},"image":{"@id":"https:\/\/boldsaglik.com\/#\/schema\/logo\/image\/"},"sameAs":["https:\/\/www.facebook.com\/Bold.ED1000","https:\/\/x.com\/ed1000bold","https:\/\/www.instagram.com\/ed1000bold\/"]}]}},"_links":{"self":[{"href":"https:\/\/boldsaglik.com\/de\/wp-json\/wp\/v2\/pages\/71","targetHints":{"allow":["GET"]}}],"collection":[{"href":"https:\/\/boldsaglik.com\/de\/wp-json\/wp\/v2\/pages"}],"about":[{"href":"https:\/\/boldsaglik.com\/de\/wp-json\/wp\/v2\/types\/page"}],"author":[{"embeddable":true,"href":"https:\/\/boldsaglik.com\/de\/wp-json\/wp\/v2\/users\/1"}],"replies":[{"embeddable":true,"href":"https:\/\/boldsaglik.com\/de\/wp-json\/wp\/v2\/comments?post=71"}],"version-history":[{"count":10,"href":"https:\/\/boldsaglik.com\/de\/wp-json\/wp\/v2\/pages\/71\/revisions"}],"predecessor-version":[{"id":14219,"href":"https:\/\/boldsaglik.com\/de\/wp-json\/wp\/v2\/pages\/71\/revisions\/14219"}],"wp:attachment":[{"href":"https:\/\/boldsaglik.com\/de\/wp-json\/wp\/v2\/media?parent=71"}],"curies":[{"name":"wp","href":"https:\/\/api.w.org\/{rel}","templated":true}]}}