{"id":68,"date":"2022-09-08T07:24:42","date_gmt":"2022-09-08T07:24:42","guid":{"rendered":"http:\/\/www.nicdarkthemes.com\/themes\/plastic-surgery\/wp\/demo\/plastic-surgery\/?page_id=68"},"modified":"2026-01-13T14:31:47","modified_gmt":"2026-01-13T11:31:47","slug":"header-01","status":"publish","type":"page","link":"https:\/\/boldsaglik.com\/de\/header-01\/","title":{"rendered":"Header 01"},"content":{"rendered":"<div data-elementor-type=\"wp-page\" data-elementor-id=\"68\" class=\"elementor elementor-68\">\n\t\t\t\t<div class=\"elementor-element elementor-element-5d147f2 e-con-full elementor-hidden-mobile e-flex e-con e-parent\" data-id=\"5d147f2\" data-element_type=\"container\" data-e-type=\"container\" data-settings=\"{&quot;background_background&quot;:&quot;classic&quot;}\">\n\t\t\t\t<div class=\"elementor-element elementor-element-52e017c elementor-widget elementor-widget-heading\" data-id=\"52e017c\" data-element_type=\"widget\" data-e-type=\"widget\" data-widget_type=\"heading.default\">\n\t\t\t\t<div class=\"elementor-widget-container\">\n\t\t\t\t\t<h1 class=\"elementor-heading-title elementor-size-default\">T\u00fcrkiye'de 75 Farkl\u0131 Merkezde ED1000 Tedavisi Yap\u0131lmaktad\u0131r.<\/h1>\t\t\t\t<\/div>\n\t\t\t\t<\/div>\n\t\t\t\t<\/div>\n\t\t\t\t<section class=\"elementor-section elementor-top-section elementor-element elementor-element-a07d8fa elementor-section-content-middle elementor-section-full_width elementor-section-height-default elementor-section-height-default elementor-invisible\" data-id=\"a07d8fa\" data-element_type=\"section\" data-e-type=\"section\" id=\"header_01_navsection\" data-settings=\"{&quot;background_background&quot;:&quot;classic&quot;,&quot;animation&quot;:&quot;fadeIn&quot;,&quot;animation_delay&quot;:400}\">\n\t\t\t\t\t\t<div class=\"elementor-container elementor-column-gap-default\">\n\t\t\t\t\t<div class=\"elementor-column elementor-col-33 elementor-top-column elementor-element elementor-element-2cd89d62\" data-id=\"2cd89d62\" data-element_type=\"column\" data-e-type=\"column\" data-settings=\"{&quot;background_background&quot;:&quot;classic&quot;}\">\n\t\t\t<div class=\"elementor-widget-wrap elementor-element-populated\">\n\t\t\t\t\t\t<div class=\"elementor-element elementor-element-717c9cf0 elementor-widget elementor-widget-image\" data-id=\"717c9cf0\" data-element_type=\"widget\" data-e-type=\"widget\" data-widget_type=\"image.default\">\n\t\t\t\t<div class=\"elementor-widget-container\">\n\t\t\t\t\t\t\t\t\t\t\t\t\t\t\t\t<a href=\"https:\/\/boldsaglik.com\/de\/\">\n\t\t\t\t\t\t\t<img fetchpriority=\"high\" decoding=\"async\" width=\"900\" height=\"419\" src=\"https:\/\/boldsaglik.com\/wp-content\/uploads\/2023\/06\/bold-logo-1024x477.png\" class=\"attachment-large size-large wp-image-12473\" alt=\"\" srcset=\"https:\/\/boldsaglik.com\/wp-content\/uploads\/2023\/06\/bold-logo-1024x477.png 1024w, https:\/\/boldsaglik.com\/wp-content\/uploads\/2023\/06\/bold-logo-600x280.png 600w, https:\/\/boldsaglik.com\/wp-content\/uploads\/2023\/06\/bold-logo-300x140.png 300w, https:\/\/boldsaglik.com\/wp-content\/uploads\/2023\/06\/bold-logo-768x358.png 768w, https:\/\/boldsaglik.com\/wp-content\/uploads\/2023\/06\/bold-logo.png 1219w\" sizes=\"(max-width: 900px) 100vw, 900px\" \/>\t\t\t\t\t\t\t\t<\/a>\n\t\t\t\t\t\t\t\t\t\t\t\t\t\t\t<\/div>\n\t\t\t\t<\/div>\n\t\t\t\t\t<\/div>\n\t\t<\/div>\n\t\t\t\t<div class=\"elementor-column elementor-col-33 elementor-top-column elementor-element elementor-element-38b5188b\" data-id=\"38b5188b\" data-element_type=\"column\" data-e-type=\"column\" data-settings=\"{&quot;background_background&quot;:&quot;classic&quot;}\">\n\t\t\t<div class=\"elementor-widget-wrap\">\n\t\t\t\t\t\t\t<\/div>\n\t\t<\/div>\n\t\t\t\t<div class=\"elementor-column elementor-col-33 elementor-top-column elementor-element elementor-element-608beaae elementor-hidden-mobile\" data-id=\"608beaae\" data-element_type=\"column\" data-e-type=\"column\" data-settings=\"{&quot;background_background&quot;:&quot;classic&quot;}\">\n\t\t\t<div class=\"elementor-widget-wrap elementor-element-populated\">\n\t\t\t\t\t\t<div class=\"elementor-element elementor-element-14715ad3 elementor-align-right elementor-tablet-align-right elementor-mobile-align-center elementor-widget__width-initial elementor-widget elementor-widget-button\" data-id=\"14715ad3\" data-element_type=\"widget\" data-e-type=\"widget\" data-widget_type=\"button.default\">\n\t\t\t\t<div class=\"elementor-widget-container\">\n\t\t\t\t\t\t\t\t\t<div class=\"elementor-button-wrapper\">\n\t\t\t\t\t<a class=\"elementor-button elementor-button-link elementor-size-sm elementor-animation-shrink\" href=\"https:\/\/boldsaglik.com\/index.php\/iletisim\/\">\n\t\t\t\t\t\t<span class=\"elementor-button-content-wrapper\">\n\t\t\t\t\t\t\t\t\t<span class=\"elementor-button-text\">Kontakt<\/span>\n\t\t\t\t\t<\/span>\n\t\t\t\t\t<\/a>\n\t\t\t\t<\/div>\n\t\t\t\t\t\t\t\t<\/div>\n\t\t\t\t<\/div>\n\t\t\t\t\t<\/div>\n\t\t<\/div>\n\t\t\t\t\t<\/div>\n\t\t<\/section>\n\t\t\t\t<section class=\"elementor-section elementor-top-section elementor-element elementor-element-3e8f4b7 elementor-section-boxed elementor-section-height-default elementor-section-height-default\" data-id=\"3e8f4b7\" data-element_type=\"section\" data-e-type=\"section\">\n\t\t\t\t\t\t<div class=\"elementor-container elementor-column-gap-default\">\n\t\t\t\t\t<div class=\"elementor-column elementor-col-100 elementor-top-column elementor-element elementor-element-8d75df6\" data-id=\"8d75df6\" data-element_type=\"column\" data-e-type=\"column\">\n\t\t\t<div class=\"elementor-widget-wrap\">\n\t\t\t\t\t\t\t<\/div>\n\t\t<\/div>\n\t\t\t\t\t<\/div>\n\t\t<\/section>\n\t\t\t\t<\/div>","protected":false},"excerpt":{"rendered":"<p>T\u00fcrkiye&#8217;de 75 Farkl\u0131 Merkezde ED1000 Tedavisi Yap\u0131lmaktad\u0131r. Ana Sayfa Hakk\u0131m\u0131zda ED1000 Nedir? Tedavi Merkezleri Sorular EN X \u0130leti\u015fim<\/p>","protected":false},"author":1,"featured_media":0,"parent":0,"menu_order":0,"comment_status":"closed","ping_status":"closed","template":"","meta":{"inline_featured_image":false,"_monsterinsights_skip_tracking":false,"_monsterinsights_sitenote_active":false,"_monsterinsights_sitenote_note":"","_monsterinsights_sitenote_category":0,"footnotes":""},"class_list":["post-68","page","type-page","status-publish","hentry"],"yoast_head":"<!-- This site is optimized with the Yoast SEO plugin v27.3 - https:\/\/yoast.com\/product\/yoast-seo-wordpress\/ -->\n<title>Header 01 | Bold Sa\u011fl\u0131k | ED1000 Tedavi Merkezi<\/title>\n<meta name=\"robots\" content=\"index, follow, max-snippet:-1, max-image-preview:large, max-video-preview:-1\" \/>\n<link rel=\"canonical\" href=\"https:\/\/boldsaglik.com\/de\/header-01\/\" \/>\n<meta name=\"twitter:label1\" content=\"Gesch\u00e4tzte Lesezeit\" \/>\n\t<meta name=\"twitter:data1\" content=\"1\u00a0Minute\" \/>\n<!-- \/ Yoast SEO plugin. -->","yoast_head_json":{"title":"Header 01 | Bold Sa\u011fl\u0131k | ED1000 Tedavi Merkezi","robots":{"index":"index","follow":"follow","max-snippet":"max-snippet:-1","max-image-preview":"max-image-preview:large","max-video-preview":"max-video-preview:-1"},"canonical":"https:\/\/boldsaglik.com\/de\/header-01\/","twitter_misc":{"Gesch\u00e4tzte Lesezeit":"1\u00a0Minute"},"schema":{"@context":"https:\/\/schema.org","@graph":[{"@type":"WebPage","@id":"https:\/\/boldsaglik.com\/header-01\/","url":"https:\/\/boldsaglik.com\/header-01\/","name":"Header 01 | Bold Sa\u011fl\u0131k | ED1000 Tedavi Merkezi","isPartOf":{"@id":"https:\/\/boldsaglik.com\/#website"},"primaryImageOfPage":{"@id":"https:\/\/boldsaglik.com\/header-01\/#primaryimage"},"image":{"@id":"https:\/\/boldsaglik.com\/header-01\/#primaryimage"},"thumbnailUrl":"https:\/\/boldsaglik.com\/wp-content\/uploads\/2023\/06\/bold-logo-1024x477.png","datePublished":"2022-09-08T07:24:42+00:00","dateModified":"2026-01-13T11:31:47+00:00","breadcrumb":{"@id":"https:\/\/boldsaglik.com\/header-01\/#breadcrumb"},"inLanguage":"de","potentialAction":[{"@type":"ReadAction","target":["https:\/\/boldsaglik.com\/header-01\/"]}]},{"@type":"ImageObject","inLanguage":"de","@id":"https:\/\/boldsaglik.com\/header-01\/#primaryimage","url":"https:\/\/boldsaglik.com\/wp-content\/uploads\/2023\/06\/bold-logo-1024x477.png","contentUrl":"https:\/\/boldsaglik.com\/wp-content\/uploads\/2023\/06\/bold-logo-1024x477.png"},{"@type":"BreadcrumbList","@id":"https:\/\/boldsaglik.com\/header-01\/#breadcrumb","itemListElement":[{"@type":"ListItem","position":1,"name":"Anasayfa","item":"https:\/\/boldsaglik.com\/"},{"@type":"ListItem","position":2,"name":"Header 01"}]},{"@type":"WebSite","@id":"https:\/\/boldsaglik.com\/#website","url":"https:\/\/boldsaglik.com\/","name":"Bold Sa\u011fl\u0131k | ED1000 Tedavi Merkezi","description":"Sertle\u015fme Problemlerinin \u00c7\u00f6z\u00fcm Merkezi","publisher":{"@id":"https:\/\/boldsaglik.com\/#organization"},"alternateName":"Bold Sa\u011fl\u0131k","potentialAction":[{"@type":"SearchAction","target":{"@type":"EntryPoint","urlTemplate":"https:\/\/boldsaglik.com\/?s={search_term_string}"},"query-input":{"@type":"PropertyValueSpecification","valueRequired":true,"valueName":"search_term_string"}}],"inLanguage":"de"},{"@type":"Organization","@id":"https:\/\/boldsaglik.com\/#organization","name":"Bold Sa\u011fl\u0131k | ED1000 Tedavi Merkezi","alternateName":"Bold Sa\u011fl\u0131k","url":"https:\/\/boldsaglik.com\/","logo":{"@type":"ImageObject","inLanguage":"de","@id":"https:\/\/boldsaglik.com\/#\/schema\/logo\/image\/","url":"https:\/\/boldsaglik.com\/wp-content\/uploads\/2023\/12\/f74b5313-1303-468f-aca1-e4b623752aba.jpg","contentUrl":"https:\/\/boldsaglik.com\/wp-content\/uploads\/2023\/12\/f74b5313-1303-468f-aca1-e4b623752aba.jpg","width":354,"height":454,"caption":"Bold Sa\u011fl\u0131k | ED1000 Tedavi Merkezi"},"image":{"@id":"https:\/\/boldsaglik.com\/#\/schema\/logo\/image\/"},"sameAs":["https:\/\/www.facebook.com\/Bold.ED1000","https:\/\/x.com\/ed1000bold","https:\/\/www.instagram.com\/ed1000bold\/"]}]}},"_links":{"self":[{"href":"https:\/\/boldsaglik.com\/de\/wp-json\/wp\/v2\/pages\/68","targetHints":{"allow":["GET"]}}],"collection":[{"href":"https:\/\/boldsaglik.com\/de\/wp-json\/wp\/v2\/pages"}],"about":[{"href":"https:\/\/boldsaglik.com\/de\/wp-json\/wp\/v2\/types\/page"}],"author":[{"embeddable":true,"href":"https:\/\/boldsaglik.com\/de\/wp-json\/wp\/v2\/users\/1"}],"replies":[{"embeddable":true,"href":"https:\/\/boldsaglik.com\/de\/wp-json\/wp\/v2\/comments?post=68"}],"version-history":[{"count":215,"href":"https:\/\/boldsaglik.com\/de\/wp-json\/wp\/v2\/pages\/68\/revisions"}],"predecessor-version":[{"id":14153,"href":"https:\/\/boldsaglik.com\/de\/wp-json\/wp\/v2\/pages\/68\/revisions\/14153"}],"wp:attachment":[{"href":"https:\/\/boldsaglik.com\/de\/wp-json\/wp\/v2\/media?parent=68"}],"curies":[{"name":"wp","href":"https:\/\/api.w.org\/{rel}","templated":true}]}}